{"id":319,"date":"2025-03-12T15:21:11","date_gmt":"2025-03-12T15:21:11","guid":{"rendered":"https:\/\/paartherapiesaarbruecken.de\/?page_id=319"},"modified":"2025-05-01T07:40:52","modified_gmt":"2025-05-01T07:40:52","slug":"paartherapie","status":"publish","type":"page","link":"https:\/\/paartherapiesaarbruecken.de\/index.php\/paartherapie\/","title":{"rendered":"PAARTHERAPIE"},"content":{"rendered":"\n<div style=\"height:1px\" aria-hidden=\"true\" class=\"wp-block-spacer\"><\/div>\n\n\n\n<h2 class=\"wp-block-heading\"><strong>Warum Paartherapie?<\/strong><\/h2>\n\n\n\n<p>Paarbeziehungen stellen uns vor besondere Herausforderungen. Anders als famili\u00e4re Beziehungen basieren Paarbeziehungen nicht auf biologischer oder rechtlicher Verwandtschaft , sondern in hohem Ma\u00dfe auf Freiwilligkeit. Ein Beziehungsende ist \u2013 zumindest prinzipiell \u2013 jederzeit m\u00f6glich und die Entscheidung f\u00fcr die Beziehung muss von den Partner*innen im Grunde jeden Tag neu getroffen werden.&nbsp;<\/p>\n\n\n\n<p>Gleichzeitig haben wir hohe Anforderungen an unsere Paarbeziehungen und unsere Partner*innen.&nbsp;<\/p>\n\n\n\n<p>F\u00fcr viele von uns ist die Paarbeziehung der Mittelpunkt des Lebens. Wir erwarten uns davon sichere Bindung, ein famili\u00e4res Umfeld und ein Zuhause, aber auch Spannung und Abenteuer.<\/p>\n\n\n\n<p>Unsere Partner*innen sind h\u00e4ufig die wichtigsten Personen in unserem Leben, die am Besten all unseren Bed\u00fcrfnissen gerecht werden sollen. Sie sind idealerweise unsere gro\u00dfe Liebe, perfekte Liebhaber*innen, beste Freund*innen, optimale Erziehungspartner*innen und verl\u00e4ssliche Mitstreiter*innen in unserem Alltag.<\/p>\n\n\n\n<p>Im Spannungsfeld dieser hohen und teils widerspr\u00fcchlichen Erwartungen und Anforderungen kommt es im Laufe von Paarbeziehungen fast zwangsl\u00e4ufig zu Entt\u00e4uschungen, Verletzungen und Konflikten.&nbsp;<\/p>\n\n\n\n<p>Eine Paartherapie kann helfen, wenn der Umgang mit solchen Schwierigkeiten nicht (mehr) gelingt.&nbsp;<\/p>\n\n\n\n<div style=\"height:1px\" aria-hidden=\"true\" class=\"wp-block-spacer\"><\/div>\n\n\n\n<h2 class=\"wp-block-heading\"><strong>Themen in der Paartherapie<\/strong><\/h2>\n\n\n\n<p>Themen in der Paartherapie k\u00f6nnen beispielsweise sein:<\/p>\n\n\n\n<ul class=\"wp-block-list\">\n<li>Alltagsprobleme (Haushalt, Kindererziehung, Freizeitgestaltung, Beruf, Finanzen, \u2026)<\/li>\n\n\n\n<li>Paarbeziehung und Elternschaft<\/li>\n\n\n\n<li>Paarbeziehung und Patchwork<\/li>\n\n\n\n<li>partnerschaftliche Kommunikation und Umgang miteinander<\/li>\n\n\n\n<li>Konflikte, Vorw\u00fcrfe und Streit<\/li>\n\n\n\n<li>Misstrauen und Eifersucht<\/li>\n\n\n\n<li>Seitensprung und Aff\u00e4re<\/li>\n\n\n\n<li>alternative Beziehungsmodelle (offene Beziehung, Polyamorie, \u2026)<\/li>\n\n\n\n<li>eine \u201eeingeschlafene\u201c Paarsexualit\u00e4t<\/li>\n\n\n\n<li>Unterschiede des sexuellen Verlangens (Art, H\u00e4ufigkeit, Bisexualit\u00e4t, fokussierte Vorlieben, Kink, \u2026)<\/li>\n\n\n\n<li>Sexuelle Probleme einer*s Partner*in<\/li>\n\n\n\n<li>\u2026<\/li>\n<\/ul>\n\n\n\n<div style=\"height:1px\" aria-hidden=\"true\" class=\"wp-block-spacer\"><\/div>\n\n\n\n<h2 class=\"wp-block-heading\"><strong>Dauer und Kosten einer Paartherapie<\/strong><\/h2>\n\n\n\n<p>Paartherapie ist Kurzzeittherapie und dauert h\u00e4ufig zwischen sieben und zehn Sitzungen im Abstand von jeweils zwei bis vier Wochen. Sp\u00fcrbare Ver\u00e4nderungen treten bei vielen Paaren zwischen der dritten und der f\u00fcnften Sitzung ein. Die Dauer Ihrer Paartherapie und die Abst\u00e4nde zwischen Ihren Sitzungen sind allerdings abh\u00e4ngig von Ihren Themen, Ihrer Ver\u00e4nderungsmotivation und Ihren aktivierbaren Ressourcen. So k\u00f6nnen durchaus bereits nach wenigen Sitzungen (oder sogar nach der ersten Sitzung) Ver\u00e4nderungen eintreten oder L\u00f6sungen gefunden werden. Jede Sitzung (auch die erste) kann die letzte sein.<\/p>\n\n\n\n<p>Eine Paartherapie-Sitzung dauert bis zu 90 Minuten. Mein Honorar dabei betr\u00e4gt 150 \u20ac\/Sitzung.&nbsp;<\/p>\n\n\n\n<div style=\"height:10px\" aria-hidden=\"true\" class=\"wp-block-spacer\"><\/div>\n\n\n\n<div class=\"wp-block-buttons is-layout-flex wp-block-buttons-is-layout-flex\">\n<div class=\"wp-block-button\"><a class=\"wp-block-button__link wp-element-button\" href=\"https:\/\/paartherapiesaarbruecken.de\/index.php\/termine\/\">TERMIN BUCHEN<\/a><\/div>\n<\/div>\n","protected":false},"excerpt":{"rendered":"<p>Warum Paartherapie? Paarbeziehungen stellen uns vor besondere Herausforderungen. Anders als famili\u00e4re Beziehungen basieren Paarbeziehungen nicht auf biologischer oder rechtlicher Verwandtschaft , sondern in hohem Ma\u00dfe auf Freiwilligkeit. Ein Beziehungsende ist \u2013 zumindest prinzipiell \u2013 jederzeit m\u00f6glich und die Entscheidung f\u00fcr die Beziehung muss von den Partner*innen im Grunde jeden Tag neu getroffen werden.&nbsp; Gleichzeitig haben [&hellip;]<\/p>\n","protected":false},"author":1,"featured_media":0,"parent":0,"menu_order":0,"comment_status":"closed","ping_status":"closed","template":"","meta":{"footnotes":""},"class_list":["post-319","page","type-page","status-publish","hentry"],"_links":{"self":[{"href":"https:\/\/paartherapiesaarbruecken.de\/index.php\/wp-json\/wp\/v2\/pages\/319","targetHints":{"allow":["GET"]}}],"collection":[{"href":"https:\/\/paartherapiesaarbruecken.de\/index.php\/wp-json\/wp\/v2\/pages"}],"about":[{"href":"https:\/\/paartherapiesaarbruecken.de\/index.php\/wp-json\/wp\/v2\/types\/page"}],"author":[{"embeddable":true,"href":"https:\/\/paartherapiesaarbruecken.de\/index.php\/wp-json\/wp\/v2\/users\/1"}],"replies":[{"embeddable":true,"href":"https:\/\/paartherapiesaarbruecken.de\/index.php\/wp-json\/wp\/v2\/comments?post=319"}],"version-history":[{"count":16,"href":"https:\/\/paartherapiesaarbruecken.de\/index.php\/wp-json\/wp\/v2\/pages\/319\/revisions"}],"predecessor-version":[{"id":565,"href":"https:\/\/paartherapiesaarbruecken.de\/index.php\/wp-json\/wp\/v2\/pages\/319\/revisions\/565"}],"wp:attachment":[{"href":"https:\/\/paartherapiesaarbruecken.de\/index.php\/wp-json\/wp\/v2\/media?parent=319"}],"curies":[{"name":"wp","href":"https:\/\/api.w.org\/{rel}","templated":true}]}}