{"id":327,"date":"2025-03-12T15:48:25","date_gmt":"2025-03-12T15:48:25","guid":{"rendered":"https:\/\/paartherapiesaarbruecken.de\/?page_id=327"},"modified":"2025-04-22T20:09:43","modified_gmt":"2025-04-22T20:09:43","slug":"paartherapie-ohne-partner","status":"publish","type":"page","link":"https:\/\/paartherapiesaarbruecken.de\/index.php\/paartherapie-ohne-partner\/","title":{"rendered":"PAARTHERAPIE OHNE PARTNER*IN"},"content":{"rendered":"\n<p>Falls Ihr*e Partner*in kein Interesse an einer Paartherapie hat, verhindert ist oder Sie sie*ihn lieber nicht involvieren m\u00f6chten, k\u00f6nnen s\u00e4mtliche Beziehungsthemen auch im Rahmen einer <strong>Paartherapie ohne Partner*in <\/strong>gut bearbeitet werden. Denn Ihre Beziehung besteht aus Ihnen beiden. Und ver\u00e4ndert eine*r von Ihnen ihr*sein Verhalten oder ihre*seine Perspektive, ver\u00e4ndert sich nahezu zwangsl\u00e4ufig auch Ihre Beziehung.&nbsp;<\/p>\n\n\n\n<p>Eine Paartherapie ohne Partner*in entspricht im Bezug auf Dauer und Abstand zwischen den Sitzungen im Gro\u00dfen und Ganzen einer Paartherapie. Mit dem wichtigen Unterschied, dass die Sitzungen nat\u00fcrlich nicht als Paar- sondern als Einzelsitzungen stattfinden.<\/p>\n\n\n\n<p>Eine Einzelsitzung dauert bis zu 60 Minuten. Mein Honorar dabei betr\u00e4gt 90 \u20ac\/Sitzung.<\/p>\n\n\n\n<div style=\"height:10px\" aria-hidden=\"true\" class=\"wp-block-spacer\"><\/div>\n\n\n\n<div class=\"wp-block-buttons is-layout-flex wp-block-buttons-is-layout-flex\">\n<div class=\"wp-block-button\"><a class=\"wp-block-button__link wp-element-button\" href=\"https:\/\/paartherapiesaarbruecken.de\/index.php\/termine\/\">TERMIN BUCHEN<\/a><\/div>\n<\/div>\n","protected":false},"excerpt":{"rendered":"<p>Falls Ihr*e Partner*in kein Interesse an einer Paartherapie hat, verhindert ist oder Sie sie*ihn lieber nicht involvieren m\u00f6chten, k\u00f6nnen s\u00e4mtliche Beziehungsthemen auch im Rahmen einer Paartherapie ohne Partner*in gut bearbeitet werden. Denn Ihre Beziehung besteht aus Ihnen beiden. Und ver\u00e4ndert eine*r von Ihnen ihr*sein Verhalten oder ihre*seine Perspektive, ver\u00e4ndert sich nahezu zwangsl\u00e4ufig auch Ihre Beziehung.&nbsp; [&hellip;]<\/p>\n","protected":false},"author":1,"featured_media":0,"parent":0,"menu_order":0,"comment_status":"closed","ping_status":"closed","template":"","meta":{"footnotes":""},"class_list":["post-327","page","type-page","status-publish","hentry"],"_links":{"self":[{"href":"https:\/\/paartherapiesaarbruecken.de\/index.php\/wp-json\/wp\/v2\/pages\/327","targetHints":{"allow":["GET"]}}],"collection":[{"href":"https:\/\/paartherapiesaarbruecken.de\/index.php\/wp-json\/wp\/v2\/pages"}],"about":[{"href":"https:\/\/paartherapiesaarbruecken.de\/index.php\/wp-json\/wp\/v2\/types\/page"}],"author":[{"embeddable":true,"href":"https:\/\/paartherapiesaarbruecken.de\/index.php\/wp-json\/wp\/v2\/users\/1"}],"replies":[{"embeddable":true,"href":"https:\/\/paartherapiesaarbruecken.de\/index.php\/wp-json\/wp\/v2\/comments?post=327"}],"version-history":[{"count":6,"href":"https:\/\/paartherapiesaarbruecken.de\/index.php\/wp-json\/wp\/v2\/pages\/327\/revisions"}],"predecessor-version":[{"id":556,"href":"https:\/\/paartherapiesaarbruecken.de\/index.php\/wp-json\/wp\/v2\/pages\/327\/revisions\/556"}],"wp:attachment":[{"href":"https:\/\/paartherapiesaarbruecken.de\/index.php\/wp-json\/wp\/v2\/media?parent=327"}],"curies":[{"name":"wp","href":"https:\/\/api.w.org\/{rel}","templated":true}]}}