{"id":336,"date":"2025-03-12T16:08:00","date_gmt":"2025-03-12T16:08:00","guid":{"rendered":"https:\/\/paartherapiesaarbruecken.de\/?page_id=336"},"modified":"2026-03-09T21:56:24","modified_gmt":"2026-03-09T21:56:24","slug":"konditionen","status":"publish","type":"page","link":"https:\/\/paartherapiesaarbruecken.de\/index.php\/konditionen\/","title":{"rendered":"KONDITIONEN"},"content":{"rendered":"\n<div style=\"height:1px\" aria-hidden=\"true\" class=\"wp-block-spacer\"><\/div>\n\n\n\n<p>Die nachfolgenden Konditionen gelten f\u00fcr alle zwischen Ihnen und mir geschlossenen Dienstvertr\u00e4ge.<\/p>\n\n\n\n<div style=\"height:1px\" aria-hidden=\"true\" class=\"wp-block-spacer\"><\/div>\n\n\n\n<h2 class=\"wp-block-heading\"><strong>Terminbuchung<\/strong><\/h2>\n\n\n\n<p>Termine k\u00f6nnen Sie im Normalfall online \u00fcber das <a href=\"https:\/\/paartherapiesaarbruecken.de\/index.php\/termine\/\" data-type=\"page\" data-id=\"341\">Terminbuchungssystem <\/a> sowie in Ausnahmef\u00e4llen auch pers\u00f6nlich, telefonisch oder per Email buchen.<\/p>\n\n\n\n<p>Ihre Terminbuchung wird wirksam, sobald ich Ihnen den Termin best\u00e4tige. Die Terminbest\u00e4tigung erfolgt im Normalfall per Email sowie in Ausnahmef\u00e4llen pers\u00f6nlich oder telefonisch.<\/p>\n\n\n\n<div style=\"height:1px\" aria-hidden=\"true\" class=\"wp-block-spacer\"><\/div>\n\n\n\n<h2 class=\"wp-block-heading\"><strong>Zustandekommen des Vertrags<\/strong><\/h2>\n\n\n\n<p>Rechtlich stellt Ihre Terminbuchung ein sog. Angebot und meine Terminbest\u00e4tigung eine sog. Annahme dar, sodass mit meiner Terminbest\u00e4tigung ein wirksamer Vertrag \u00fcber die von Ihnen gebuchte Leistung zustande kommt. Der Vertrag umfasst immer nur den jeweils von Ihnen gebuchten Termin. Eine dar\u00fcber hinaus gehende, dauerhafte Verpflichtung gehen Sie also nicht ein.<\/p>\n\n\n\n<p><em>Paartherapie<\/em>, <em>Paartherapie ohne Partner*in<\/em> sowie <em>Beziehungsberatung f\u00fcr Singles<\/em> sind Dienstleistungen. Deshalb handelt es sich bei dem so zwischen uns geschlossenen Vertrag um einen Dienstvertrag i.S.d. \u00a7 611 BGB. Dieser Dienstvertrag richtet sich \u2013 soweit im Folgenden nichts anderes bestimmt ist \u2013 nach den gesetzlichen Regelungen.<\/p>\n\n\n\n<div style=\"height:1px\" aria-hidden=\"true\" class=\"wp-block-spacer\"><\/div>\n\n\n\n<h2 class=\"wp-block-heading\"><strong>Stornierung und R\u00fccktritt<\/strong><\/h2>\n\n\n\n<p>Sie k\u00f6nnen eine wirksame Terminbuchung problemlos bis 24 Stunden vor dem Termin per Mail (paartherapie[@]julian-scheer.de) oder per Telefon (0681-68646640) stornieren und damit auch von dem zwischen uns geschlossenen Vertrag zur\u00fccktreten. Hierbei entstehen Ihnen keine Kosten.<\/p>\n\n\n\n<p>Kurzfristig abgesagte Termine kann ich in der Regel nicht mehr anderweitig vergeben. Bei einer kurzfristigen Terminstornierung innerhalb von 24 Stunden vor dem Termin (oder wenn Sie nicht zu einem vereinbarten Termin erscheinen) muss ich Ihnen deshalb den Termin mit dem vereinbarten Honorar in Rechnung stellen. Rechtsgrundlage hierf\u00fcr ist \u00a7 615 BGB.<\/p>\n\n\n\n<div style=\"height:1px\" aria-hidden=\"true\" class=\"wp-block-spacer\"><\/div>\n\n\n\n<h2 class=\"wp-block-heading\"><strong>Ort der Leistung<\/strong><\/h2>\n\n\n\n<p>Die von Ihnen gebuchte Dienstleistung wird im Normalfall in meiner Praxis f\u00fcr Paartherapie in Saarbr\u00fccken (Talstra\u00dfe 44, 66119 Saarbr\u00fccken) erbracht. In Ausnahmef\u00e4llen k\u00f6nnen wir auch etwas anderes vereinbaren.<\/p>\n\n\n\n<div style=\"height:1px\" aria-hidden=\"true\" class=\"wp-block-spacer\"><\/div>\n\n\n\n<h2 class=\"wp-block-heading\"><strong>Dauer und Kosten<\/strong><\/h2>\n\n\n\n<p>\u00dcber das Terminbuchungssystem k\u00f6nnen Sie verschieden Dienstleistungen buchen, n\u00e4mlich <em>Paartherapie<\/em>, <em>Paartherapie ohne Partner*in <\/em>und <em>Beziehungsberatung f\u00fcr Singles<\/em>.<\/p>\n\n\n\n<p>Die Dienstleistung <em>Paartherapie <\/em>findet im Rahmen von Paarsitzungen statt. An einer Paarsitzung nehmen drei Personen teil, n\u00e4mlich zwei Klient*innen (also Sie beide) und ein Paartherapeut (also ich). <strong>Eine Paarsitzung dauert bis zu 90 Minuten. Mein Honorar f\u00fcr eine Paarsitzung betr\u00e4gt 150 \u20ac.<\/strong><\/p>\n\n\n\n<p>Die Dienstleistungen <em>Paartherapie ohne Partner*in <\/em>und <em>Beziehungsberatung f\u00fcr Singles <\/em>finden im Rahmen von Einzelsitzungen statt. An einer Einzelsitzung nehmen zwei Personen teil, n\u00e4mlich ein*e Klient*n (also Sie) und ein Paartherapeut bzw. Beziehungsberater (also ich). <strong>Eine Einzelsitzung dauert bis zu 60 Minuten. Mein Honorar f\u00fcr eine Einzelsitzung betr\u00e4gt 90 \u20ac.<\/strong><\/p>\n\n\n\n<p>Wenn Ihre Beziehung aus mehr als zwei Personen besteht, Sie gerne au\u00dfenstehende Personen (z.B. Freunde, Familienmitglieder, Aff\u00e4renpartner*innen) in die Paartherapie einbeziehen m\u00f6chten oder Sie sich eine andere Sitzungsdauer w\u00fcnschen, k\u00f6nnen wir das gerne individuell vereinbaren. Sprechen Sie mich dazu bitte vorab an.<\/p>\n\n\n\n<div style=\"height:1px\" aria-hidden=\"true\" class=\"wp-block-spacer\"><\/div>\n\n\n\n<h2 class=\"wp-block-heading\"><strong>Bezahlung<\/strong><\/h2>\n\n\n\n<p>Sie erhalten nach jedem Termin von mir eine Rechnung. Mein Honorar k\u00f6nnen Sie im Anschluss per Bank\u00fcberweisung entrichten. Im Ausnahmef\u00e4llen k\u00f6nnen wir auch eine andere Zahlungsweise vereinbaren.<\/p>\n\n\n\n<div style=\"height:1px\" aria-hidden=\"true\" class=\"wp-block-spacer\"><\/div>\n\n\n\n<h2 class=\"wp-block-heading\"><strong>Umsatzsteuer<\/strong><\/h2>\n\n\n\n<p>Mein Honorar ist nach \u00a7 19 UStG umsatzsteuerfrei.<\/p>\n\n\n\n<div style=\"height:1px\" aria-hidden=\"true\" class=\"wp-block-spacer\"><\/div>\n\n\n\n<h2 class=\"wp-block-heading\"><strong>Keine Heilbehandlung<\/strong><\/h2>\n\n\n\n<p>Mein Angebot ist seinem Wesen nach ein nicht-heilkundliches, psychosoziales<br>Beratungsangebot. Sollten bei Ihnen (diagnostizierte oder offenkundige) krankheitswertige<br>St\u00f6rungen vorliegen, unterst\u00fctzt Sie mein Angebot lediglich bei der Lebensbew\u00e4ltigung im Kontext<br>dieser St\u00f6rungen. Eine Behandlung im medizinisch-psychotherapeutischen Sinne erfolgt <br>ausdr\u00fccklich nicht und kann auch durch mein Angebot nicht ersetzt werden.<\/p>\n\n\n\n<div style=\"height:1px\" aria-hidden=\"true\" class=\"wp-block-spacer\"><\/div>\n\n\n\n<h2 class=\"wp-block-heading\"><strong>Vertraulichkeit<\/strong><\/h2>\n\n\n\n<p>Ich behandele selbstverst\u00e4ndlich alles, was im Rahmen der von Ihnen gebuchten Dienstleistung besprochen wird, vertraulich. Rechtsgrundlage hierf\u00fcr ist die DSGVO sowie \u00a7 242 BGB (Treu und Glauben). Unabh\u00e4ngig von jeder Rechtsgrundlage geh\u00f6rt Vertraulichkeit aber auch unbedingt zu meinem Selbstverst\u00e4ndnis als Paartherapeut.<\/p>\n\n\n\n<div style=\"height:10px\" aria-hidden=\"true\" class=\"wp-block-spacer\"><\/div>\n\n\n\n<div class=\"wp-block-buttons is-layout-flex wp-block-buttons-is-layout-flex\">\n<div class=\"wp-block-button\"><a class=\"wp-block-button__link wp-element-button\" href=\"https:\/\/paartherapiesaarbruecken.de\/index.php\/termine\/\">TERMIN BUCHEN<\/a><\/div>\n<\/div>\n","protected":false},"excerpt":{"rendered":"<p>Die nachfolgenden Konditionen gelten f\u00fcr alle zwischen Ihnen und mir geschlossenen Dienstvertr\u00e4ge. Terminbuchung Termine k\u00f6nnen Sie im Normalfall online \u00fcber das Terminbuchungssystem sowie in Ausnahmef\u00e4llen auch pers\u00f6nlich, telefonisch oder per Email buchen. Ihre Terminbuchung wird wirksam, sobald ich Ihnen den Termin best\u00e4tige. Die Terminbest\u00e4tigung erfolgt im Normalfall per Email sowie in Ausnahmef\u00e4llen pers\u00f6nlich oder telefonisch. [&hellip;]<\/p>\n","protected":false},"author":1,"featured_media":0,"parent":0,"menu_order":0,"comment_status":"closed","ping_status":"closed","template":"","meta":{"footnotes":""},"class_list":["post-336","page","type-page","status-publish","hentry"],"_links":{"self":[{"href":"https:\/\/paartherapiesaarbruecken.de\/index.php\/wp-json\/wp\/v2\/pages\/336","targetHints":{"allow":["GET"]}}],"collection":[{"href":"https:\/\/paartherapiesaarbruecken.de\/index.php\/wp-json\/wp\/v2\/pages"}],"about":[{"href":"https:\/\/paartherapiesaarbruecken.de\/index.php\/wp-json\/wp\/v2\/types\/page"}],"author":[{"embeddable":true,"href":"https:\/\/paartherapiesaarbruecken.de\/index.php\/wp-json\/wp\/v2\/users\/1"}],"replies":[{"embeddable":true,"href":"https:\/\/paartherapiesaarbruecken.de\/index.php\/wp-json\/wp\/v2\/comments?post=336"}],"version-history":[{"count":16,"href":"https:\/\/paartherapiesaarbruecken.de\/index.php\/wp-json\/wp\/v2\/pages\/336\/revisions"}],"predecessor-version":[{"id":658,"href":"https:\/\/paartherapiesaarbruecken.de\/index.php\/wp-json\/wp\/v2\/pages\/336\/revisions\/658"}],"wp:attachment":[{"href":"https:\/\/paartherapiesaarbruecken.de\/index.php\/wp-json\/wp\/v2\/media?parent=336"}],"curies":[{"name":"wp","href":"https:\/\/api.w.org\/{rel}","templated":true}]}}