{"id":348,"date":"2025-03-12T18:45:32","date_gmt":"2025-03-12T18:45:32","guid":{"rendered":"https:\/\/paartherapiesaarbruecken.de\/?page_id=348"},"modified":"2025-04-22T20:20:08","modified_gmt":"2025-04-22T20:20:08","slug":"impressum","status":"publish","type":"page","link":"https:\/\/paartherapiesaarbruecken.de\/index.php\/impressum\/","title":{"rendered":"IMPRESSUM"},"content":{"rendered":"\n<div style=\"height:1px\" aria-hidden=\"true\" class=\"wp-block-spacer\"><\/div>\n\n\n\n<p>Julian Scheer<br>Talstra\u00dfe 44\u00a0<br>66119 Saarbr\u00fccken<\/p>\n\n\n\n<h1 class=\"wp-block-heading has-superbfont-large-font-size\" style=\"font-style:normal;font-weight:300\">Haftungsbeschr\u00e4nkung \/ Haftungsausschluss<\/h1>\n\n\n\n<div style=\"height:1px\" aria-hidden=\"true\" class=\"wp-block-spacer\"><\/div>\n\n\n\n<h2 class=\"wp-block-heading\">Haftung f\u00fcr Inhalte<\/h2>\n\n\n\n<p>S\u00e4mtliche Inhalte unserer Webseiten wurden mit der gr\u00f6\u00dften Sorgfalt erstellt. Jedoch kann f\u00fcr die Richtigkeit, sowie die Vollst\u00e4ndigkeit und Aktualit\u00e4t der Inhalte keine Gew\u00e4hr \u00fcbernommen werden. Als Dienstanbieter sind wir gem\u00e4\u00df \u00a7 7 Abs.1 TMG f\u00fcr unsere eigenen Inhalte auf diesen Seiten nach den allgemeinen Gesetzen verantwortlich. Nach \u00a7\u00a7 8 bis 10 TMG sind wir als Dienstanbieter jedoch nicht verpflichtet, \u00fcbermittelte bzw. gespeicherte fremde Informationen zu \u00fcberwachen oder nach Umst\u00e4nden zu erforschen, die auf eine rechtswidrige T\u00e4tigkeit hinweisen. Verpflichtungen zur Entfernung oder Sperrung der Nutzung von Informationen nach allgemeinen Gesetzen bleiben hiervon also g\u00e4nzlich unber\u00fchrt. Eine diesbez\u00fcgliche Haftung ist allerdings erst ab dem Zeitpunkt der Kenntnis einer konkreten Rechtsverletzung m\u00f6glich. Sobald wir von entsprechenden Rechtsverletzungen erfahren und diese uns bekannt werden, werden wir selbstverst\u00e4ndlich diese Inhalte umgehend entfernen.<\/p>\n\n\n\n<div style=\"height:1px\" aria-hidden=\"true\" class=\"wp-block-spacer\"><\/div>\n\n\n\n<h2 class=\"wp-block-heading\">Haftung f\u00fcr Links<\/h2>\n\n\n\n<p>Unser Angebot enth\u00e4lt Links, also Verkn\u00fcpfungen zu externen Internetseiten (Dritten), auf deren Inhalte wir keinen Einfluss haben. Deshalb k\u00f6nnen wir f\u00fcr diese fremden, verkn\u00fcpften bzw. verlinkten Inhalte auch keine Gew\u00e4hr \u00fcbernehmen. F\u00fcr die Inhalte der verkn\u00fcpften Seiten ist stets der jeweilige Anbieter bzw. Betreiber der jeweiligen Internetseiten verantwortlich. Dennoch wurden die verkn\u00fcpften Internetseiten zum Zeitpunkt der Verkn\u00fcpfung bzw. Verlinkung auf m\u00f6gliche Rechtsverst\u00f6\u00dfe \u00fcberpr\u00fcft. Rechtswidrige Inhalte waren zu dem erstmaligen Zeitpunkt der Verkn\u00fcpfung bzw. Linksetzung nicht ersichtlich und erkennbar. Eine st\u00e4ndige, permanente inhaltliche Kontrolle der verkn\u00fcpften bzw. verlinkten Webseiten kann nicht gew\u00e4hrleistet werden und ist ohne konkrete Anhaltspunkte einer Rechtsverletzung auch nicht zumutbar. Sobald uns Rechtsverletzungen bekannt werden sollten, werden derartige Verkn\u00fcpfungen bzw. Links nat\u00fcrlich umgehend entfernt.<\/p>\n\n\n\n<div style=\"height:1px\" aria-hidden=\"true\" class=\"wp-block-spacer\"><\/div>\n\n\n\n<h2 class=\"wp-block-heading\">Urheberrecht<\/h2>\n\n\n\n<p>Die durch die Seitenbetreiber erstellten Inhalte und Werke auf diesen Internetseiten unterliegen dem deutschen Urheberrecht. Die Vervielf\u00e4ltigung, Bearbeitung, Verbreitung und jede, sowie jegliche Art der Verwertung au\u00dferhalb der Grenzen des Urheberrechtes bed\u00fcrfen der schriftlichen Zustimmung des jeweiligen Urhebers, Autors bzw. Erstellers. Downloads und Kopien dieser Internetseiten sind ausdr\u00fccklich nur f\u00fcr den privaten, nicht kommerziellen Gebrauch gestattet. Soweit die Inhalte auf dieser Seite nicht vom Betreiber erstellt wurden, werden die Urheberrechte Dritter beachtet. Insbesondere werden Inhalte Dritter als solche gekennzeichnet. Sollten Sie trotzdem auf eine Urheberrechtsverletzung aufmerksam werden, bitten wir Sie um einen entsprechenden Hinweis. Sobald uns derartige Rechtsverletzungen bekannt werden sollten, werden derartige Inhalte nat\u00fcrlich umgehend entfernt.<\/p>\n\n\n\n<div style=\"height:1px\" aria-hidden=\"true\" class=\"wp-block-spacer\"><\/div>\n\n\n\n<h2 class=\"wp-block-heading\">Anwendbares Recht<\/h2>\n\n\n\n<p>Es gilt ausschlie\u00dflich das ma\u00dfgebliche Recht der Bundesrepublik Deutschland.<\/p>\n","protected":false},"excerpt":{"rendered":"<p>Julian ScheerTalstra\u00dfe 44\u00a066119 Saarbr\u00fccken Haftungsbeschr\u00e4nkung \/ Haftungsausschluss Haftung f\u00fcr Inhalte S\u00e4mtliche Inhalte unserer Webseiten wurden mit der gr\u00f6\u00dften Sorgfalt erstellt. Jedoch kann f\u00fcr die Richtigkeit, sowie die Vollst\u00e4ndigkeit und Aktualit\u00e4t der Inhalte keine Gew\u00e4hr \u00fcbernommen werden. Als Dienstanbieter sind wir gem\u00e4\u00df \u00a7 7 Abs.1 TMG f\u00fcr unsere eigenen Inhalte auf diesen Seiten nach den allgemeinen [&hellip;]<\/p>\n","protected":false},"author":1,"featured_media":0,"parent":0,"menu_order":0,"comment_status":"closed","ping_status":"closed","template":"","meta":{"footnotes":""},"class_list":["post-348","page","type-page","status-publish","hentry"],"_links":{"self":[{"href":"https:\/\/paartherapiesaarbruecken.de\/index.php\/wp-json\/wp\/v2\/pages\/348","targetHints":{"allow":["GET"]}}],"collection":[{"href":"https:\/\/paartherapiesaarbruecken.de\/index.php\/wp-json\/wp\/v2\/pages"}],"about":[{"href":"https:\/\/paartherapiesaarbruecken.de\/index.php\/wp-json\/wp\/v2\/types\/page"}],"author":[{"embeddable":true,"href":"https:\/\/paartherapiesaarbruecken.de\/index.php\/wp-json\/wp\/v2\/users\/1"}],"replies":[{"embeddable":true,"href":"https:\/\/paartherapiesaarbruecken.de\/index.php\/wp-json\/wp\/v2\/comments?post=348"}],"version-history":[{"count":7,"href":"https:\/\/paartherapiesaarbruecken.de\/index.php\/wp-json\/wp\/v2\/pages\/348\/revisions"}],"predecessor-version":[{"id":562,"href":"https:\/\/paartherapiesaarbruecken.de\/index.php\/wp-json\/wp\/v2\/pages\/348\/revisions\/562"}],"wp:attachment":[{"href":"https:\/\/paartherapiesaarbruecken.de\/index.php\/wp-json\/wp\/v2\/media?parent=348"}],"curies":[{"name":"wp","href":"https:\/\/api.w.org\/{rel}","templated":true}]}}